{"id":5931,"date":"2026-04-06T22:12:37","date_gmt":"2026-04-06T19:12:37","guid":{"rendered":"https:\/\/yenicagecza.com\/?page_id=5931"},"modified":"2026-04-06T22:17:32","modified_gmt":"2026-04-06T19:17:32","slug":"agathanin-hikayesi-sagligina-nasil-kavustu","status":"publish","type":"page","link":"https:\/\/yenicagecza.com\/en\/agathanin-hikayesi-sagligina-nasil-kavustu\/","title":{"rendered":"Agatha\u2019n\u0131n Hikayesi: Sa\u011fl\u0131\u011f\u0131na Nas\u0131l Kavu\u015ftu?"},"content":{"rendered":"<div style=\"max-width:900px;margin:auto;\">\n  <iframe width=\"100%\" height=\"400\"\n  src=\"https:\/\/www.youtube.com\/embed\/_vp9U1JZybw?rel=0&#038;modestbranding=1\"\n  frameborder=\"0\" allowfullscreen><\/iframe>\n<\/div>\n\n\n\n<hr class=\"wp-block-separator has-alpha-channel-opacity\"\/>\n\n\n\n<p class=\"has-text-align-center\">Bu videoda Agatha\u2019n\u0131n ya\u015fad\u0131\u011f\u0131 sa\u011fl\u0131k s\u00fcreci ve uygulanan destekleyici yakla\u015f\u0131m ger\u00e7ek bir vaka \u00fczerinden anlat\u0131lmaktad\u0131r.<\/p>\n\n\n\n<div class=\"wp-block-buttons is-content-justification-center is-layout-flex wp-container-core-buttons-is-layout-16018d1d wp-block-buttons-is-layout-flex\">\n<div class=\"wp-block-button\"><a class=\"wp-block-button__link has-text-align-center wp-element-button\" href=\"https:\/\/yenicagecza.com\/en\/catalysis\/\"><strong>Catalysis \u00dcr\u00fcnlerini \u0130nceleyin<\/strong><\/a><\/div>\n<\/div>\n\n\n\n<p><\/p>","protected":false},"excerpt":{"rendered":"<p>Bu videoda Agatha\u2019n\u0131n ya\u015fad\u0131\u011f\u0131 sa\u011fl\u0131k s\u00fcreci ve uygulanan destekleyici yakla\u015f\u0131m ger\u00e7ek bir vaka \u00fczerinden anlat\u0131lmaktad\u0131r.<\/p>","protected":false},"author":2,"featured_media":0,"parent":0,"menu_order":0,"comment_status":"closed","ping_status":"closed","template":"","meta":{"_acf_changed":false,"footnotes":""},"class_list":["post-5931","page","type-page","status-publish","hentry"],"acf":[],"aioseo_notices":[],"_links":{"self":[{"href":"https:\/\/yenicagecza.com\/en\/wp-json\/wp\/v2\/pages\/5931","targetHints":{"allow":["GET"]}}],"collection":[{"href":"https:\/\/yenicagecza.com\/en\/wp-json\/wp\/v2\/pages"}],"about":[{"href":"https:\/\/yenicagecza.com\/en\/wp-json\/wp\/v2\/types\/page"}],"author":[{"embeddable":true,"href":"https:\/\/yenicagecza.com\/en\/wp-json\/wp\/v2\/users\/2"}],"replies":[{"embeddable":true,"href":"https:\/\/yenicagecza.com\/en\/wp-json\/wp\/v2\/comments?post=5931"}],"version-history":[{"count":3,"href":"https:\/\/yenicagecza.com\/en\/wp-json\/wp\/v2\/pages\/5931\/revisions"}],"predecessor-version":[{"id":5935,"href":"https:\/\/yenicagecza.com\/en\/wp-json\/wp\/v2\/pages\/5931\/revisions\/5935"}],"wp:attachment":[{"href":"https:\/\/yenicagecza.com\/en\/wp-json\/wp\/v2\/media?parent=5931"}],"curies":[{"name":"wp","href":"https:\/\/api.w.org\/{rel}","templated":true}]}}