{"id":5050,"date":"2025-04-18T17:53:50","date_gmt":"2025-04-18T14:53:50","guid":{"rendered":"https:\/\/yenicagecza.com\/?page_id=5050"},"modified":"2025-04-21T17:39:20","modified_gmt":"2025-04-21T14:39:20","slug":"insan-kaynaklari","status":"publish","type":"page","link":"https:\/\/yenicagecza.com\/en\/insan-kaynaklari\/","title":{"rendered":"Human Resources"},"content":{"rendered":"<div data-elementor-type=\"wp-post\" data-elementor-id=\"5050\" class=\"elementor elementor-5050\">\n\t\t\t\t\t\t<section class=\"elementor-section elementor-top-section elementor-element elementor-element-61a8027 elementor-section-height-min-height elementor-section-boxed elementor-section-height-default elementor-section-items-middle\" data-id=\"61a8027\" data-element_type=\"section\" data-e-type=\"section\" data-settings=\"{&quot;jet_parallax_layout_list&quot;:[],&quot;background_background&quot;:&quot;classic&quot;}\">\n\t\t\t\t\t\t\t<div class=\"elementor-background-overlay\"><\/div>\n\t\t\t\t\t\t\t<div class=\"elementor-container elementor-column-gap-default\">\n\t\t\t\t\t<div class=\"elementor-column elementor-col-100 elementor-top-column elementor-element elementor-element-5a226a9\" data-id=\"5a226a9\" data-element_type=\"column\" data-e-type=\"column\">\n\t\t\t<div class=\"elementor-widget-wrap elementor-element-populated\">\n\t\t\t\t\t\t<section class=\"elementor-section elementor-inner-section elementor-element elementor-element-f1fadb9 elementor-section-boxed elementor-section-height-default elementor-section-height-default\" data-id=\"f1fadb9\" data-element_type=\"section\" data-e-type=\"section\" data-settings=\"{&quot;jet_parallax_layout_list&quot;:[]}\">\n\t\t\t\t\t\t<div class=\"elementor-container elementor-column-gap-default\">\n\t\t\t\t\t<div class=\"elementor-column elementor-col-100 elementor-inner-column elementor-element elementor-element-777c61b\" data-id=\"777c61b\" data-element_type=\"column\" data-e-type=\"column\">\n\t\t\t<div class=\"elementor-widget-wrap elementor-element-populated\">\n\t\t\t\t\t\t<div class=\"elementor-element elementor-element-a0cfc24 elementor-widget elementor-widget-heading\" data-id=\"a0cfc24\" data-element_type=\"widget\" data-e-type=\"widget\" data-widget_type=\"heading.default\">\n\t\t\t\t<div class=\"elementor-widget-container\">\n\t\t\t\t\t<h2 class=\"elementor-heading-title elementor-size-default\">Human Resources \/ Job Openings<\/h2>\t\t\t\t<\/div>\n\t\t\t\t<\/div>\n\t\t\t\t\t<\/div>\n\t\t<\/div>\n\t\t\t\t\t<\/div>\n\t\t<\/section>\n\t\t\t\t\t<\/div>\n\t\t<\/div>\n\t\t\t\t\t<\/div>\n\t\t<\/section>\n\t\t\t\t<section class=\"elementor-section elementor-top-section elementor-element elementor-element-c891fe0 elementor-section-boxed elementor-section-height-default elementor-section-height-default\" data-id=\"c891fe0\" data-element_type=\"section\" data-e-type=\"section\" data-settings=\"{&quot;jet_parallax_layout_list&quot;:[]}\">\n\t\t\t\t\t\t<div class=\"elementor-container elementor-column-gap-default\">\n\t\t\t\t\t<div class=\"elementor-column elementor-col-100 elementor-top-column elementor-element elementor-element-75319bb\" data-id=\"75319bb\" data-element_type=\"column\" data-e-type=\"column\">\n\t\t\t<div class=\"elementor-widget-wrap elementor-element-populated\">\n\t\t\t\t\t\t<div class=\"elementor-element elementor-element-d0c5f7c raven-advaned-posts-equal-height-yes raven-button-align-center elementor-widget elementor-widget-raven-advanced-posts\" data-id=\"d0c5f7c\" data-element_type=\"widget\" data-e-type=\"widget\" data-settings=\"{&quot;columns&quot;:&quot;4&quot;,&quot;general_layout&quot;:&quot;grid&quot;,&quot;columns_tablet&quot;:&quot;2&quot;,&quot;columns_mobile&quot;:&quot;1&quot;,&quot;query_posts_per_page&quot;:6,&quot;query_orderby&quot;:&quot;date&quot;,&quot;query_offset&quot;:0}\" data-widget_type=\"raven-advanced-posts.default\">\n\t\t\t\t<div class=\"elementor-widget-container\">\n\t\t\t\t\t\t\t<div class=\"raven-posts raven-posts-grid\">\n\t\t\t\t\t\t<div class=\"advanced-posts-content content-layout-under-image raven-grid raven-grid-4 raven-grid-mobile-1 raven-grid-tablet-2\" data-post-id=\"5050\" data-archive-query=\"\">\n\t\t\t\t<div class=\"raven-posts-item raven-grid-item\"><div class=\"raven-post-wrapper\"><div class=\"raven-post\"><div class=\"raven-post-image-wrap\"><a class=\"raven-post-image raven-image-fit\" href=\"https:\/\/yenicagecza.com\/en\/insan-kaynaklari\/veri-analisti\/\"> <img fetchpriority=\"high\" decoding=\"async\" width=\"1000\" height=\"615\" src=\"https:\/\/yenicagecza.com\/wp-content\/uploads\/2024\/08\/Yanicag-Karsilama.jpg\" class=\"attachment-large size-large wp-image-4107\" alt=\"\" srcset=\"https:\/\/yenicagecza.com\/wp-content\/uploads\/2024\/08\/Yanicag-Karsilama.jpg 1000w, https:\/\/yenicagecza.com\/wp-content\/uploads\/2024\/08\/Yanicag-Karsilama-300x185.jpg 300w, https:\/\/yenicagecza.com\/wp-content\/uploads\/2024\/08\/Yanicag-Karsilama-768x472.jpg 768w\" sizes=\"(max-width: 1000px) 100vw, 1000px\" \/><span class=\"raven-post-image-overlay\"><\/span><\/a><\/div><div class=\"raven-post-content-container\"><div class=\"raven-post-content\" data-id=\"5624\"><div class=\"raven-post-meta\"><a class=\"raven-post-meta-item raven-post-date\" href=\"https:\/\/yenicagecza.com\/en\/2025\/11\/\" rel=\"bookmark\">November 12, 2025<\/a><\/div><h3 class=\"raven-post-title\"><a class=\"raven-post-title-link\" href=\"https:\/\/yenicagecza.com\/en\/insan-kaynaklari\/veri-analisti\/\">Data Analyst<\/a><\/h3><div class=\"raven-post-read-more\"><a class=\"raven-post-button\" href=\"https:\/\/yenicagecza.com\/en\/insan-kaynaklari\/veri-analisti\/\"><span class=\"raven-post-button-text\">View<\/span><\/a><\/div><\/div><\/div><\/div><\/div><\/div><div class=\"raven-posts-item raven-grid-item\"><div class=\"raven-post-wrapper\"><div class=\"raven-post\"><div class=\"raven-post-image-wrap\"><a class=\"raven-post-image raven-image-fit\" href=\"https:\/\/yenicagecza.com\/en\/insan-kaynaklari\/teknik-satis-danismanligi\/\"> <img fetchpriority=\"high\" decoding=\"async\" width=\"1000\" height=\"615\" src=\"https:\/\/yenicagecza.com\/wp-content\/uploads\/2024\/08\/Yanicag-Karsilama.jpg\" class=\"attachment-large size-large wp-image-4107\" alt=\"\" srcset=\"https:\/\/yenicagecza.com\/wp-content\/uploads\/2024\/08\/Yanicag-Karsilama.jpg 1000w, https:\/\/yenicagecza.com\/wp-content\/uploads\/2024\/08\/Yanicag-Karsilama-300x185.jpg 300w, https:\/\/yenicagecza.com\/wp-content\/uploads\/2024\/08\/Yanicag-Karsilama-768x472.jpg 768w\" sizes=\"(max-width: 1000px) 100vw, 1000px\" \/><span class=\"raven-post-image-overlay\"><\/span><\/a><\/div><div class=\"raven-post-content-container\"><div class=\"raven-post-content\" data-id=\"5080\"><div class=\"raven-post-meta\"><a class=\"raven-post-meta-item raven-post-date\" href=\"https:\/\/yenicagecza.com\/en\/2025\/04\/\" rel=\"bookmark\">April 21, 2025<\/a><\/div><h3 class=\"raven-post-title\"><a class=\"raven-post-title-link\" href=\"https:\/\/yenicagecza.com\/en\/insan-kaynaklari\/teknik-satis-danismanligi\/\">Technical Sales Consulting<\/a><\/h3><div class=\"raven-post-read-more\"><a class=\"raven-post-button\" href=\"https:\/\/yenicagecza.com\/en\/insan-kaynaklari\/teknik-satis-danismanligi\/\"><span class=\"raven-post-button-text\">View<\/span><\/a><\/div><\/div><\/div><\/div><\/div><\/div>\t\t\t<\/div>\n\t\t\t\t\t<\/div>\n\t\t\t\t\t\t<\/div>\n\t\t\t\t<\/div>\n\t\t\t\t\t<\/div>\n\t\t<\/div>\n\t\t\t\t\t<\/div>\n\t\t<\/section>\n\t\t\t\t<\/div>","protected":false},"excerpt":{"rendered":"<p>\u0130nsan Kaynaklar\u0131 \/ A\u00e7\u0131k \u0130\u015f \u0130lanlar\u0131 Nisan 21, 2025 Evcil Hayvan Sa\u011fl\u0131\u011f\u0131 \u00dcr\u00fcnleri Sat\u0131\u015f Temsilcisi \u0130ncele Nisan 21, 2025 Teknik Sat\u0131\u015f Dan\u0131\u015fmanl\u0131\u011f\u0131 \u0130ncele<\/p>","protected":false},"author":1,"featured_media":0,"parent":0,"menu_order":0,"comment_status":"closed","ping_status":"closed","template":"full-width.php","meta":{"_acf_changed":false,"footnotes":""},"class_list":["post-5050","page","type-page","status-publish","hentry"],"acf":[],"aioseo_notices":[],"_links":{"self":[{"href":"https:\/\/yenicagecza.com\/en\/wp-json\/wp\/v2\/pages\/5050","targetHints":{"allow":["GET"]}}],"collection":[{"href":"https:\/\/yenicagecza.com\/en\/wp-json\/wp\/v2\/pages"}],"about":[{"href":"https:\/\/yenicagecza.com\/en\/wp-json\/wp\/v2\/types\/page"}],"author":[{"embeddable":true,"href":"https:\/\/yenicagecza.com\/en\/wp-json\/wp\/v2\/users\/1"}],"replies":[{"embeddable":true,"href":"https:\/\/yenicagecza.com\/en\/wp-json\/wp\/v2\/comments?post=5050"}],"version-history":[{"count":13,"href":"https:\/\/yenicagecza.com\/en\/wp-json\/wp\/v2\/pages\/5050\/revisions"}],"predecessor-version":[{"id":5109,"href":"https:\/\/yenicagecza.com\/en\/wp-json\/wp\/v2\/pages\/5050\/revisions\/5109"}],"wp:attachment":[{"href":"https:\/\/yenicagecza.com\/en\/wp-json\/wp\/v2\/media?parent=5050"}],"curies":[{"name":"wp","href":"https:\/\/api.w.org\/{rel}","templated":true}]}}