{"id":42,"date":"2019-03-02T06:45:39","date_gmt":"2019-03-02T06:45:39","guid":{"rendered":"https:\/\/jupiterx.artbees.net\/agency\/?page_id=42"},"modified":"2024-08-14T11:30:11","modified_gmt":"2024-08-14T08:30:11","slug":"genel-mudurun-mesaji","status":"publish","type":"page","link":"https:\/\/yenicagecza.com\/en\/genel-mudurun-mesaji\/","title":{"rendered":"Genel M\u00fcd\u00fcr&#8217;\u00fcn Mesaj\u0131"},"content":{"rendered":"\t\t<div data-elementor-type=\"wp-post\" data-elementor-id=\"42\" class=\"elementor elementor-42\">\n\t\t\t\t\t\t<section class=\"elementor-section elementor-top-section elementor-element elementor-element-a4fba63 elementor-section-height-min-height elementor-section-boxed elementor-section-height-default elementor-section-items-middle\" data-id=\"a4fba63\" data-element_type=\"section\" data-e-type=\"section\" data-settings=\"{&quot;jet_parallax_layout_list&quot;:[],&quot;background_background&quot;:&quot;classic&quot;}\">\n\t\t\t\t\t\t\t<div class=\"elementor-background-overlay\"><\/div>\n\t\t\t\t\t\t\t<div class=\"elementor-container elementor-column-gap-default\">\n\t\t\t\t\t<div class=\"elementor-column elementor-col-100 elementor-top-column elementor-element elementor-element-5505ebc\" data-id=\"5505ebc\" data-element_type=\"column\" data-e-type=\"column\">\n\t\t\t<div class=\"elementor-widget-wrap elementor-element-populated\">\n\t\t\t\t\t\t<section class=\"elementor-section elementor-inner-section elementor-element elementor-element-20751ba elementor-section-boxed elementor-section-height-default elementor-section-height-default\" data-id=\"20751ba\" data-element_type=\"section\" data-e-type=\"section\" data-settings=\"{&quot;jet_parallax_layout_list&quot;:[]}\">\n\t\t\t\t\t\t<div class=\"elementor-container elementor-column-gap-default\">\n\t\t\t\t\t<div class=\"elementor-column elementor-col-100 elementor-inner-column elementor-element elementor-element-abee09b\" data-id=\"abee09b\" data-element_type=\"column\" data-e-type=\"column\">\n\t\t\t<div class=\"elementor-widget-wrap elementor-element-populated\">\n\t\t\t\t\t\t<div class=\"elementor-element elementor-element-291d854 elementor-widget elementor-widget-heading\" data-id=\"291d854\" data-element_type=\"widget\" data-e-type=\"widget\" data-widget_type=\"heading.default\">\n\t\t\t\t<div class=\"elementor-widget-container\">\n\t\t\t\t\t<h2 class=\"elementor-heading-title elementor-size-default\">Genel M\u00fcd\u00fcr'\u00fcn Mesaj\u0131<\/h2>\t\t\t\t<\/div>\n\t\t\t\t<\/div>\n\t\t\t\t\t<\/div>\n\t\t<\/div>\n\t\t\t\t\t<\/div>\n\t\t<\/section>\n\t\t\t\t\t<\/div>\n\t\t<\/div>\n\t\t\t\t\t<\/div>\n\t\t<\/section>\n\t\t\t\t<section class=\"elementor-section elementor-top-section elementor-element elementor-element-c715a38 elementor-section-boxed elementor-section-height-default elementor-section-height-default\" data-id=\"c715a38\" data-element_type=\"section\" data-e-type=\"section\" data-settings=\"{&quot;jet_parallax_layout_list&quot;:[{&quot;jet_parallax_layout_image&quot;:{&quot;url&quot;:&quot;&quot;,&quot;id&quot;:&quot;&quot;,&quot;size&quot;:&quot;&quot;},&quot;_id&quot;:&quot;ecebe85&quot;,&quot;jet_parallax_layout_image_tablet&quot;:{&quot;url&quot;:&quot;&quot;,&quot;id&quot;:&quot;&quot;,&quot;size&quot;:&quot;&quot;},&quot;jet_parallax_layout_image_mobile&quot;:{&quot;url&quot;:&quot;&quot;,&quot;id&quot;:&quot;&quot;,&quot;size&quot;:&quot;&quot;},&quot;jet_parallax_layout_speed&quot;:{&quot;unit&quot;:&quot;%&quot;,&quot;size&quot;:50,&quot;sizes&quot;:[]},&quot;jet_parallax_layout_type&quot;:&quot;scroll&quot;,&quot;jet_parallax_layout_direction&quot;:&quot;1&quot;,&quot;jet_parallax_layout_fx_direction&quot;:null,&quot;jet_parallax_layout_z_index&quot;:&quot;&quot;,&quot;jet_parallax_layout_bg_x&quot;:50,&quot;jet_parallax_layout_bg_x_tablet&quot;:&quot;&quot;,&quot;jet_parallax_layout_bg_x_mobile&quot;:&quot;&quot;,&quot;jet_parallax_layout_bg_y&quot;:50,&quot;jet_parallax_layout_bg_y_tablet&quot;:&quot;&quot;,&quot;jet_parallax_layout_bg_y_mobile&quot;:&quot;&quot;,&quot;jet_parallax_layout_bg_size&quot;:&quot;auto&quot;,&quot;jet_parallax_layout_bg_size_tablet&quot;:&quot;&quot;,&quot;jet_parallax_layout_bg_size_mobile&quot;:&quot;&quot;,&quot;jet_parallax_layout_animation_prop&quot;:&quot;transform&quot;,&quot;jet_parallax_layout_on&quot;:[&quot;desktop&quot;,&quot;tablet&quot;]}]}\">\n\t\t\t\t\t\t<div class=\"elementor-container elementor-column-gap-default\">\n\t\t\t\t\t<div class=\"elementor-column elementor-col-50 elementor-top-column elementor-element elementor-element-561e86b\" data-id=\"561e86b\" data-element_type=\"column\" data-e-type=\"column\">\n\t\t\t<div class=\"elementor-widget-wrap elementor-element-populated\">\n\t\t\t\t\t\t<div class=\"elementor-element elementor-element-8c79751 elementor-widget elementor-widget-heading\" data-id=\"8c79751\" data-element_type=\"widget\" data-e-type=\"widget\" data-widget_type=\"heading.default\">\n\t\t\t\t<div class=\"elementor-widget-container\">\n\t\t\t\t\t<h2 class=\"elementor-heading-title elementor-size-default\">Yeni \u00fcr\u00fcnlerin ke\u015ffi ve inovasyon pe\u015finde ko\u015farak veteriner hekim meslekta\u015flar\u0131m\u0131z ve evcil dostlar\u0131m\u0131z i\u00e7in \u00f6nc\u00fc bir rol \u00fcstlenmeyi hedeflemekteyiz.<\/h2>\t\t\t\t<\/div>\n\t\t\t\t<\/div>\n\t\t\t\t<div class=\"elementor-element elementor-element-f8cefe5 elementor-widget elementor-widget-text-editor\" data-id=\"f8cefe5\" data-element_type=\"widget\" data-e-type=\"widget\" data-widget_type=\"text-editor.default\">\n\t\t\t\t<div class=\"elementor-widget-container\">\n\t\t\t\t\t\t\t\t\t<p>2001 y\u0131l\u0131nda kurdu\u011fumuz Yeni\u00e7a\u011f Veteriner Ecza&#8217;n\u0131n temel felsefesi, beraber ya\u015fad\u0131\u011f\u0131m\u0131z t\u00fcm canl\u0131lar\u0131n ve \u00f6zellikle evcil hayvanlar\u0131n, sa\u011fl\u0131kl\u0131 ve mutlu bir hayat s\u00fcrmelerini sa\u011flamakt\u0131r. Yola \u00e7\u0131karken duydu\u011fumuz bu heyecan bug\u00fcn daha da g\u00fc\u00e7l\u00fc olarak devam etmektedir.<\/p>\t\t\t\t\t\t\t\t<\/div>\n\t\t\t\t<\/div>\n\t\t\t\t<section class=\"elementor-section elementor-inner-section elementor-element elementor-element-eba4dd0 elementor-section-boxed elementor-section-height-default elementor-section-height-default\" data-id=\"eba4dd0\" data-element_type=\"section\" data-e-type=\"section\" data-settings=\"{&quot;jet_parallax_layout_list&quot;:[]}\">\n\t\t\t\t\t\t<div class=\"elementor-container elementor-column-gap-default\">\n\t\t\t\t\t<div class=\"elementor-column elementor-col-50 elementor-inner-column elementor-element elementor-element-758844d\" data-id=\"758844d\" data-element_type=\"column\" data-e-type=\"column\">\n\t\t\t<div class=\"elementor-widget-wrap elementor-element-populated\">\n\t\t\t\t\t\t<div class=\"elementor-element elementor-element-ab6712e elementor-widget elementor-widget-image\" data-id=\"ab6712e\" data-element_type=\"widget\" data-e-type=\"widget\" data-widget_type=\"image.default\">\n\t\t\t\t<div class=\"elementor-widget-container\">\n\t\t\t\t\t\t\t\t\t\t\t\t\t\t\t<img fetchpriority=\"high\" decoding=\"async\" width=\"900\" height=\"673\" src=\"https:\/\/yenicagecza.com\/wp-content\/uploads\/2024\/08\/1710876659_duygu-mehmet-07805.jpg\" class=\"attachment-large size-large wp-image-4091\" alt=\"\" srcset=\"https:\/\/yenicagecza.com\/wp-content\/uploads\/2024\/08\/1710876659_duygu-mehmet-07805.jpg 900w, https:\/\/yenicagecza.com\/wp-content\/uploads\/2024\/08\/1710876659_duygu-mehmet-07805-300x224.jpg 300w, https:\/\/yenicagecza.com\/wp-content\/uploads\/2024\/08\/1710876659_duygu-mehmet-07805-768x574.jpg 768w\" sizes=\"(max-width: 900px) 100vw, 900px\" \/>\t\t\t\t\t\t\t\t\t\t\t\t\t\t\t<\/div>\n\t\t\t\t<\/div>\n\t\t\t\t\t<\/div>\n\t\t<\/div>\n\t\t\t\t<div class=\"elementor-column elementor-col-50 elementor-inner-column elementor-element elementor-element-64f1391\" data-id=\"64f1391\" data-element_type=\"column\" data-e-type=\"column\">\n\t\t\t<div class=\"elementor-widget-wrap elementor-element-populated\">\n\t\t\t\t\t\t<div class=\"elementor-element elementor-element-dab422f elementor-widget__width-initial elementor-widget elementor-widget-image\" data-id=\"dab422f\" data-element_type=\"widget\" data-e-type=\"widget\" data-widget_type=\"image.default\">\n\t\t\t\t<div class=\"elementor-widget-container\">\n\t\t\t\t\t\t\t\t\t\t\t\t\t\t\t<img decoding=\"async\" width=\"1024\" height=\"576\" src=\"https:\/\/yenicagecza.com\/wp-content\/uploads\/2024\/08\/1-25-1024x576-1.webp\" class=\"attachment-large size-large wp-image-4092\" alt=\"\" srcset=\"https:\/\/yenicagecza.com\/wp-content\/uploads\/2024\/08\/1-25-1024x576-1.webp 1024w, https:\/\/yenicagecza.com\/wp-content\/uploads\/2024\/08\/1-25-1024x576-1-300x169.webp 300w, https:\/\/yenicagecza.com\/wp-content\/uploads\/2024\/08\/1-25-1024x576-1-768x432.webp 768w\" sizes=\"(max-width: 1024px) 100vw, 1024px\" \/>\t\t\t\t\t\t\t\t\t\t\t\t\t\t\t<\/div>\n\t\t\t\t<\/div>\n\t\t\t\t\t<\/div>\n\t\t<\/div>\n\t\t\t\t\t<\/div>\n\t\t<\/section>\n\t\t\t\t\t<\/div>\n\t\t<\/div>\n\t\t\t\t<div class=\"elementor-column elementor-col-50 elementor-top-column elementor-element elementor-element-7a08047\" data-id=\"7a08047\" data-element_type=\"column\" data-e-type=\"column\">\n\t\t\t<div class=\"elementor-widget-wrap elementor-element-populated\">\n\t\t\t\t\t\t<div class=\"elementor-element elementor-element-2538849 elementor-widget elementor-widget-image\" data-id=\"2538849\" data-element_type=\"widget\" data-e-type=\"widget\" data-widget_type=\"image.default\">\n\t\t\t\t<div class=\"elementor-widget-container\">\n\t\t\t\t\t\t\t\t\t\t\t\t\t\t\t<img decoding=\"async\" width=\"497\" height=\"395\" src=\"https:\/\/yenicagecza.com\/wp-content\/uploads\/2024\/07\/Mehmet-Dokmeci.jpg\" class=\"attachment-large size-large wp-image-4074\" alt=\"\" srcset=\"https:\/\/yenicagecza.com\/wp-content\/uploads\/2024\/07\/Mehmet-Dokmeci.jpg 497w, https:\/\/yenicagecza.com\/wp-content\/uploads\/2024\/07\/Mehmet-Dokmeci-300x238.jpg 300w\" sizes=\"(max-width: 497px) 100vw, 497px\" \/>\t\t\t\t\t\t\t\t\t\t\t\t\t\t\t<\/div>\n\t\t\t\t<\/div>\n\t\t\t\t<div class=\"elementor-element elementor-element-0c9522c elementor-widget elementor-widget-heading\" data-id=\"0c9522c\" data-element_type=\"widget\" data-e-type=\"widget\" data-widget_type=\"heading.default\">\n\t\t\t\t<div class=\"elementor-widget-container\">\n\t\t\t\t\t<h2 class=\"elementor-heading-title elementor-size-default\">Mehmet D\u00f6kmeci\n<br>Veteriner Hekim<\/h2>\t\t\t\t<\/div>\n\t\t\t\t<\/div>\n\t\t\t\t<div class=\"elementor-element elementor-element-9f879d0 elementor-widget elementor-widget-heading\" data-id=\"9f879d0\" data-element_type=\"widget\" data-e-type=\"widget\" data-widget_type=\"heading.default\">\n\t\t\t\t<div class=\"elementor-widget-container\">\n\t\t\t\t\t<h2 class=\"elementor-heading-title elementor-size-default\">Genel M\u00fcd\u00fcr<\/h2>\t\t\t\t<\/div>\n\t\t\t\t<\/div>\n\t\t\t\t<div class=\"elementor-element elementor-element-7806567 elementor-alert-info elementor-widget elementor-widget-alert\" data-id=\"7806567\" data-element_type=\"widget\" data-e-type=\"widget\" data-widget_type=\"alert.default\">\n\t\t\t\t<div class=\"elementor-widget-container\">\n\t\t\t\t\t\t\t<div class=\"elementor-alert\" role=\"alert\">\n\n\t\t\t\t\t\t<span class=\"elementor-alert-title\">Ana i\u015fimiz, veteriner hekim meslekta\u015flar\u0131m\u0131z\u0131n i\u015flerini b\u00fcy\u00fck bir \u00f6zveriyle yapt\u0131klar\u0131 s\u00fcre\u00e7te ihtiya\u00e7 duyduklar\u0131 \u00fcr\u00fcnleri en do\u011fru,  en h\u0131zl\u0131 ve en g\u00fcvenilir \u015fekilde  tedarik etmelerini sa\u011flamakt\u0131r.<\/span>\n\t\t\t\n\t\t\t\n\t\t\t\n\t\t<\/div>\n\t\t\t\t\t\t<\/div>\n\t\t\t\t<\/div>\n\t\t\t\t\t<\/div>\n\t\t<\/div>\n\t\t\t\t\t<\/div>\n\t\t<\/section>\n\t\t\t\t<section class=\"elementor-section elementor-top-section elementor-element elementor-element-b1e01a6 elementor-section-boxed elementor-section-height-default elementor-section-height-default\" data-id=\"b1e01a6\" data-element_type=\"section\" data-e-type=\"section\" data-settings=\"{&quot;jet_parallax_layout_list&quot;:[]}\">\n\t\t\t\t\t\t<div class=\"elementor-container elementor-column-gap-default\">\n\t\t\t\t\t<div class=\"elementor-column elementor-col-100 elementor-top-column elementor-element elementor-element-3dd2a46\" data-id=\"3dd2a46\" data-element_type=\"column\" data-e-type=\"column\">\n\t\t\t<div class=\"elementor-widget-wrap elementor-element-populated\">\n\t\t\t\t\t\t<section class=\"elementor-section elementor-inner-section elementor-element elementor-element-f5d916f elementor-section-boxed elementor-section-height-default elementor-section-height-default\" data-id=\"f5d916f\" data-element_type=\"section\" data-e-type=\"section\" data-settings=\"{&quot;jet_parallax_layout_list&quot;:[]}\">\n\t\t\t\t\t\t<div class=\"elementor-container elementor-column-gap-default\">\n\t\t\t\t\t<div class=\"elementor-column elementor-col-50 elementor-inner-column elementor-element elementor-element-9b38b61\" data-id=\"9b38b61\" data-element_type=\"column\" data-e-type=\"column\">\n\t\t\t<div class=\"elementor-widget-wrap elementor-element-populated\">\n\t\t\t\t\t\t<div class=\"elementor-element elementor-element-01782b3 elementor-widget elementor-widget-text-editor\" data-id=\"01782b3\" data-element_type=\"widget\" data-e-type=\"widget\" data-widget_type=\"text-editor.default\">\n\t\t\t\t<div class=\"elementor-widget-container\">\n\t\t\t\t\t\t\t\t\t<p>Veteriner hekimlerin yanlar\u0131nda g\u00fcvenilir bir ortak olarak yer alarak, onlara destek olmak ve&nbsp;profesyonel hizmet sunmak bizim i\u00e7in \u00f6nemlidir. Onlar\u0131n veteriner hekimlik hizmetlerini verirken ihtiya\u00e7 duyduklar\u0131 t\u00fcm \u00fcr\u00fcnleri sa\u011flamak i\u00e7in s\u00fcrekli \u00e7al\u0131\u015fmaktay\u0131z. Ayn\u0131 zamanda sevimli dostlar\u0131m\u0131z\u0131n da en iyi sa\u011fl\u0131k hizmeti ve bak\u0131m\u0131 alabilmeleri i\u00e7in d\u00fcnyadaki sekt\u00f6rel geli\u015fmeleri s\u00fcrekli takip edip ara\u015ft\u0131rmaktay\u0131z.&nbsp;<\/p><p><b>Yeni \u00fcr\u00fcnlerin ke\u015ffi ve inovasyon pe\u015finde ko\u015farak veteriner hekim meslekta\u015flar\u0131m\u0131z ve evcil dostlar\u0131m\u0131z i\u00e7in \u00f6nc\u00fc bir rol \u00fcstlenmeyi hedeflemekteyiz.<\/b><\/p><p>Bu sayede, en son teknolojileri ve etkili tedavi y\u00f6ntemlerini sunarak evcil hayvan dostlar\u0131m\u0131z\u0131n sa\u011fl\u0131\u011f\u0131n\u0131 korumaya ve ya\u015fam kalitelerini art\u0131rmaya yard\u0131mc\u0131 olmay\u0131 ama\u00e7l\u0131yoruz.<\/p>\t\t\t\t\t\t\t\t<\/div>\n\t\t\t\t<\/div>\n\t\t\t\t<div class=\"elementor-element elementor-element-99d6c7b elementor-widget elementor-widget-text-editor\" data-id=\"99d6c7b\" data-element_type=\"widget\" data-e-type=\"widget\" data-widget_type=\"text-editor.default\">\n\t\t\t\t<div class=\"elementor-widget-container\">\n\t\t\t\t\t\t\t\t\t<p>Yeni\u00e7a\u011f Veteriner Ecza olarak i\u015fimizi sadece bir ticari faaliyet olarak g\u00f6rm\u00fcyoruz. Ayn\u0131 zamanda bir misyonun par\u00e7as\u0131 oldu\u011fumuzu biliyoruz. Evcil dostlar\u0131m\u0131z\u0131n sa\u011fl\u0131\u011f\u0131 ve refah\u0131 i\u00e7in \u00e7al\u0131\u015fmak, bizim i\u00e7in b\u00fcy\u00fck bir tutku ve sorumluluktur. Bu nedenle, siz de\u011ferli m\u00fc\u015fterilerimize en iyi \u00fcr\u00fcnleri sunmak ve hizmetlerimizle sizi memnun etmek i\u00e7in hi\u00e7 durmadan \u00e7abalamaya devam ediyoruz. Sizin ve sevgili evcil hayvan dostlar\u0131n\u0131z\u0131n g\u00fcvenini kazanmak ve uzun vadeli bir i\u015fbirli\u011fi i\u00e7in; 2006 y\u0131l\u0131na kadar \u00fcr\u00fcn yelpazemiz t\u00fcm canl\u0131lar\u0131 kapsarken, bu y\u0131ldan itibaren sadece pet sa\u011fl\u0131\u011f\u0131 sekt\u00f6r\u00fcne odaklanarak yaln\u0131zca bu sekt\u00f6rde uzmanl\u0131\u011f\u0131m\u0131z\u0131 art\u0131rd\u0131k.<\/p>\n<p>Yeni\u00e7a\u011f Veteriner Ecza\u2019n\u0131n kurucusu olarak \u015fahs\u0131m ad\u0131na 1993 y\u0131l\u0131ndan itibaren pet sa\u011fl\u0131k sekt\u00f6r\u00fcn\u00fcn T\u00fcrkiye\u2019deki ba\u015flang\u0131c\u0131 ve geli\u015fiminin i\u00e7inde yer ald\u0131m. Bu da bana ge\u00e7mi\u015fte bu i\u015fe g\u00f6n\u00fcl vermi\u015f \u00f6nc\u00fc ve \u00e7ok de\u011ferli mesleki akademisyenlerle \u00e7al\u0131\u015fabilme f\u0131rsat\u0131 yaratt\u0131.&nbsp;<\/p>\n<p>\u00d6zellikle 2006 y\u0131l\u0131ndan sonra yapt\u0131\u011f\u0131m\u0131z at\u0131l\u0131mlarla bu sekt\u00f6r\u00fcn b\u00fcy\u00fcmesine katk\u0131da bulunmu\u015f kurum ve kurulu\u015flar i\u00e7erisinde ilklerde yer almay\u0131 ba\u015fard\u0131k. Beraberinde gelen tecr\u00fcbe ve birikim, g\u00fcn\u00fcn sonunda do\u011fru i\u015f ortaklar\u0131yla \u00e7al\u0131\u015fmaya, do\u011fru mesai arkada\u015flar\u0131 edinmeye ve onlarla bu yolda ilerlemeye sebep oldu.<\/p>\t\t\t\t\t\t\t\t<\/div>\n\t\t\t\t<\/div>\n\t\t\t\t\t<\/div>\n\t\t<\/div>\n\t\t\t\t<div class=\"elementor-column elementor-col-50 elementor-inner-column elementor-element elementor-element-8de3853\" data-id=\"8de3853\" data-element_type=\"column\" data-e-type=\"column\">\n\t\t\t<div class=\"elementor-widget-wrap elementor-element-populated\">\n\t\t\t\t\t\t<div class=\"elementor-element elementor-element-1d3bf8c elementor-widget elementor-widget-image\" data-id=\"1d3bf8c\" data-element_type=\"widget\" data-e-type=\"widget\" data-widget_type=\"image.default\">\n\t\t\t\t<div class=\"elementor-widget-container\">\n\t\t\t\t\t\t\t\t\t\t\t\t\t\t\t<img loading=\"lazy\" decoding=\"async\" width=\"693\" height=\"1024\" src=\"https:\/\/yenicagecza.com\/wp-content\/uploads\/2024\/08\/Mobil_01-9-693x1024.webp\" class=\"attachment-large size-large wp-image-4093\" alt=\"\" srcset=\"https:\/\/yenicagecza.com\/wp-content\/uploads\/2024\/08\/Mobil_01-9-693x1024.webp 693w, https:\/\/yenicagecza.com\/wp-content\/uploads\/2024\/08\/Mobil_01-9-203x300.webp 203w, https:\/\/yenicagecza.com\/wp-content\/uploads\/2024\/08\/Mobil_01-9-768x1134.webp 768w, https:\/\/yenicagecza.com\/wp-content\/uploads\/2024\/08\/Mobil_01-9-1040x1536.webp 1040w, https:\/\/yenicagecza.com\/wp-content\/uploads\/2024\/08\/Mobil_01-9.webp 1200w\" sizes=\"(max-width: 693px) 100vw, 693px\" \/>\t\t\t\t\t\t\t\t\t\t\t\t\t\t\t<\/div>\n\t\t\t\t<\/div>\n\t\t\t\t\t<\/div>\n\t\t<\/div>\n\t\t\t\t\t<\/div>\n\t\t<\/section>\n\t\t\t\t\t<\/div>\n\t\t<\/div>\n\t\t\t\t\t<\/div>\n\t\t<\/section>\n\t\t\t\t<section class=\"elementor-section elementor-top-section elementor-element elementor-element-1c54572 elementor-section-boxed elementor-section-height-default elementor-section-height-default\" data-id=\"1c54572\" data-element_type=\"section\" data-e-type=\"section\" data-settings=\"{&quot;jet_parallax_layout_list&quot;:[]}\">\n\t\t\t\t\t\t<div class=\"elementor-container elementor-column-gap-default\">\n\t\t\t\t\t<div class=\"elementor-column elementor-col-100 elementor-top-column elementor-element elementor-element-5e09733\" data-id=\"5e09733\" data-element_type=\"column\" data-e-type=\"column\">\n\t\t\t<div class=\"elementor-widget-wrap elementor-element-populated\">\n\t\t\t\t\t\t<div class=\"elementor-element elementor-element-5085be4 elementor-widget elementor-widget-text-editor\" data-id=\"5085be4\" data-element_type=\"widget\" data-e-type=\"widget\" data-widget_type=\"text-editor.default\">\n\t\t\t\t<div class=\"elementor-widget-container\">\n\t\t\t\t\t\t\t\t\t<p>Yeni\u00e7a\u011f Veteriner Ecza 2013 y\u0131l\u0131ndan sonra yurtd\u0131\u015f\u0131na a\u00e7\u0131lmaya ba\u015flam\u0131\u015f; geldi\u011fimiz g\u00fcnde 6 farkl\u0131 \u00fclkeden 8 \u00e7ok de\u011ferli d\u00fcnya markas\u0131 firman\u0131n T\u00fcrkiye distrib\u00fct\u00f6r\u00fc olmu\u015ftur. Bununla beraber, 2016 y\u0131l\u0131ndan itibaren de\u011ferli akademisyenlerin Ar-Ge \u00e7al\u0131\u015fmalar\u0131na destek sa\u011flayarak inovatif, yerli \u00fcr\u00fcnler geli\u015ftirmeye ba\u015flam\u0131\u015ft\u0131r.<\/p>\n<p>Bu \u00e7al\u0131\u015fmalar devam ederken 2018 y\u0131l\u0131nda Samsun Teknopark&#8217;ta PROFARGE isimli firma kurulmu\u015f ve neticesinde bilimsel tez takipli, klinik sonu\u00e7 garantili \u00fcr\u00fcnler \u00fcretilmeye ba\u015flam\u0131\u015ft\u0131r. Bu \u00fcr\u00fcnler marka ve process patentli olup, yak\u0131n gelecekte d\u00fcnya markas\u0131 olma yolunda ilerlemektedir.<\/p>\n<p>Yeni\u00e7a\u011f Ecza&#8217;n\u0131n; meslekta\u015flar\u0131m\u0131z\u0131n ve evcil hayvan dostlar\u0131m\u0131za de\u011fer veren herkesin deste\u011fi sayesinde daha bir\u00e7ok yeni \u00fcr\u00fcne ve yeni projelere imza ataca\u011f\u0131na olan inanc\u0131m tamd\u0131r.<\/p>\t\t\t\t\t\t\t\t<\/div>\n\t\t\t\t<\/div>\n\t\t\t\t\t<\/div>\n\t\t<\/div>\n\t\t\t\t\t<\/div>\n\t\t<\/section>\n\t\t\t\t<\/div>\n\t\t","protected":false},"excerpt":{"rendered":"<p>Genel M\u00fcd\u00fcr&#8217;\u00fcn Mesaj\u0131 Yeni \u00fcr\u00fcnlerin ke\u015ffi ve inovasyon pe\u015finde ko\u015farak veteriner hekim meslekta\u015flar\u0131m\u0131z ve evcil dostlar\u0131m\u0131z i\u00e7in \u00f6nc\u00fc bir rol \u00fcstlenmeyi hedeflemekteyiz. 2001 y\u0131l\u0131nda kurdu\u011fumuz Yeni\u00e7a\u011f Veteriner Ecza&#8217;n\u0131n temel felsefesi, beraber ya\u015fad\u0131\u011f\u0131m\u0131z t\u00fcm canl\u0131lar\u0131n ve \u00f6zellikle evcil hayvanlar\u0131n, sa\u011fl\u0131kl\u0131 ve mutlu bir hayat s\u00fcrmelerini sa\u011flamakt\u0131r. Yola \u00e7\u0131karken duydu\u011fumuz bu heyecan bug\u00fcn daha da g\u00fc\u00e7l\u00fc olarak [&hellip;]<\/p>\n","protected":false},"author":1,"featured_media":0,"parent":0,"menu_order":0,"comment_status":"closed","ping_status":"closed","template":"full-width.php","meta":{"_acf_changed":false,"footnotes":""},"class_list":["post-42","page","type-page","status-publish","hentry"],"acf":[],"aioseo_notices":[],"_links":{"self":[{"href":"https:\/\/yenicagecza.com\/en\/wp-json\/wp\/v2\/pages\/42","targetHints":{"allow":["GET"]}}],"collection":[{"href":"https:\/\/yenicagecza.com\/en\/wp-json\/wp\/v2\/pages"}],"about":[{"href":"https:\/\/yenicagecza.com\/en\/wp-json\/wp\/v2\/types\/page"}],"author":[{"embeddable":true,"href":"https:\/\/yenicagecza.com\/en\/wp-json\/wp\/v2\/users\/1"}],"replies":[{"embeddable":true,"href":"https:\/\/yenicagecza.com\/en\/wp-json\/wp\/v2\/comments?post=42"}],"version-history":[{"count":23,"href":"https:\/\/yenicagecza.com\/en\/wp-json\/wp\/v2\/pages\/42\/revisions"}],"predecessor-version":[{"id":4411,"href":"https:\/\/yenicagecza.com\/en\/wp-json\/wp\/v2\/pages\/42\/revisions\/4411"}],"wp:attachment":[{"href":"https:\/\/yenicagecza.com\/en\/wp-json\/wp\/v2\/media?parent=42"}],"curies":[{"name":"wp","href":"https:\/\/api.w.org\/{rel}","templated":true}]}}